{"id":90,"date":"2026-03-06T16:18:58","date_gmt":"2026-03-06T16:18:58","guid":{"rendered":"https:\/\/beafarmasi.com\/?post_type=product&#038;p=90"},"modified":"2026-03-13T22:40:11","modified_gmt":"2026-03-13T22:40:11","slug":"nutriplus-calcium-magnesium-plus","status":"publish","type":"product","link":"https:\/\/beafarmasi.com\/?product=nutriplus-calcium-magnesium-plus","title":{"rendered":"Beauty Booster Collagen &#8211; Chocolate (210gr)"},"content":{"rendered":"<p>Haz que el cuidado de la piel sea m\u00e1s placentero con Nutriplus Beauty Booster Collagen con Chocolate. Esta deliciosa y potente f\u00f3rmula promueve la producci\u00f3n de col\u00e1geno para apoyar la elasticidad de la piel, reducir las arrugas y mejorar la salud de las articulaciones, brind\u00e1ndote un brillo que irradia desde el interior. Cada porci\u00f3n contiene 10 g de col\u00e1geno hidrolizado tipo I, II y III, 100 mg de \u00e1cido hialur\u00f3nico, 11 g de prote\u00edna de alta calidad, 50 mg de vitamina C, 10 mg de zinc, 6 mg de vitamina E, 3 mg de vitamina B5, 2,500 \u00b5g de biotina, 2,500 \u00b5g de cobre, 0.7 mg de vitamina B6 y 55 \u00b5g de selenio. Contribuye a la formaci\u00f3n de col\u00e1geno, favorece la firmeza y elasticidad de la piel, mejora las l\u00edneas finas y las arrugas, y embellece la piel y las u\u00f1as.<\/p>\n","protected":false},"excerpt":{"rendered":"<p>fdgfgfg<\/p>\n","protected":false},"featured_media":68,"comment_status":"open","ping_status":"closed","template":"","meta":{"_acf_changed":false,"_eb_attr":"","_joinchat":[]},"product_brand":[],"product_cat":[21],"product_tag":[],"class_list":{"0":"post-90","1":"product","2":"type-product","3":"status-publish","4":"has-post-thumbnail","6":"product_cat-nutricion","8":"first","9":"instock","10":"purchasable","11":"product-type-simple"},"acf":[],"_links":{"self":[{"href":"https:\/\/beafarmasi.com\/index.php?rest_route=\/wp\/v2\/product\/90","targetHints":{"allow":["GET"]}}],"collection":[{"href":"https:\/\/beafarmasi.com\/index.php?rest_route=\/wp\/v2\/product"}],"about":[{"href":"https:\/\/beafarmasi.com\/index.php?rest_route=\/wp\/v2\/types\/product"}],"replies":[{"embeddable":true,"href":"https:\/\/beafarmasi.com\/index.php?rest_route=%2Fwp%2Fv2%2Fcomments&post=90"}],"wp:featuredmedia":[{"embeddable":true,"href":"https:\/\/beafarmasi.com\/index.php?rest_route=\/wp\/v2\/media\/68"}],"wp:attachment":[{"href":"https:\/\/beafarmasi.com\/index.php?rest_route=%2Fwp%2Fv2%2Fmedia&parent=90"}],"wp:term":[{"taxonomy":"product_brand","embeddable":true,"href":"https:\/\/beafarmasi.com\/index.php?rest_route=%2Fwp%2Fv2%2Fproduct_brand&post=90"},{"taxonomy":"product_cat","embeddable":true,"href":"https:\/\/beafarmasi.com\/index.php?rest_route=%2Fwp%2Fv2%2Fproduct_cat&post=90"},{"taxonomy":"product_tag","embeddable":true,"href":"https:\/\/beafarmasi.com\/index.php?rest_route=%2Fwp%2Fv2%2Fproduct_tag&post=90"}],"curies":[{"name":"wp","href":"https:\/\/api.w.org\/{rel}","templated":true}]}}